{"id":810,"date":"2025-07-02T17:39:51","date_gmt":"2025-07-02T17:39:51","guid":{"rendered":"https:\/\/impoprocars.com\/?post_type=product&#038;p=810"},"modified":"2025-09-04T02:56:07","modified_gmt":"2025-09-04T02:56:07","slug":"50332385","status":"publish","type":"product","link":"https:\/\/impoprocars.com\/index.php\/producto\/50332385\/","title":{"rendered":"TOYOTA RAV4 2016 LE"},"content":{"rendered":"","protected":false},"excerpt":{"rendered":"<p><strong>Disponible<\/strong><br \/>\nToyota RAV4 2016 LE<br \/>\nMotor 2.5<br \/>\nAutomatica<br \/>\nModo ECO<br \/>\nBolsas de aire intactas \u2705<br \/>\nNing\u00fan check en el tablero<br \/>\nCero fugas<br \/>\nNing\u00fan ruido<br \/>\nCero \u00f3xido<br \/>\nTapicer\u00eda de cuero con calefacci\u00f3n<br \/>\nAire acondicionado<br \/>\nRadio original touch<br \/>\nC\u00e1mara de retroceso<br \/>\nA toda prueba<br \/>\nPrecio: Q105,000 negociables<br \/>\nVisa cuotas disponibles \u2705<br \/>\nHasta 48 cuotas. Visa y Mastercard<\/p>\n","protected":false},"featured_media":893,"template":"","meta":{"site-sidebar-layout":"default","site-content-layout":"","ast-site-content-layout":"default","site-content-style":"default","site-sidebar-style":"default","ast-global-header-display":"","ast-banner-title-visibility":"","ast-main-header-display":"","ast-hfb-above-header-display":"","ast-hfb-below-header-display":"","ast-hfb-mobile-header-display":"","site-post-title":"","ast-breadcrumbs-content":"","ast-featured-img":"","footer-sml-layout":"","theme-transparent-header-meta":"default","adv-header-id-meta":"","stick-header-meta":"","header-above-stick-meta":"","header-main-stick-meta":"","header-below-stick-meta":"","astra-migrate-meta-layouts":"set","ast-page-background-enabled":"default","ast-page-background-meta":{"desktop":{"background-color":"var(--ast-global-color-4)","background-image":"","background-repeat":"repeat","background-position":"center center","background-size":"auto","background-attachment":"scroll","background-type":"","background-media":"","overlay-type":"","overlay-color":"","overlay-opacity":"","overlay-gradient":""},"tablet":{"background-color":"","background-image":"","background-repeat":"repeat","background-position":"center center","background-size":"auto","background-attachment":"scroll","background-type":"","background-media":"","overlay-type":"","overlay-color":"","overlay-opacity":"","overlay-gradient":""},"mobile":{"background-color":"","background-image":"","background-repeat":"repeat","background-position":"center center","background-size":"auto","background-attachment":"scroll","background-type":"","background-media":"","overlay-type":"","overlay-color":"","overlay-opacity":"","overlay-gradient":""}},"ast-content-background-meta":{"desktop":{"background-color":"var(--ast-global-color-5)","background-image":"","background-repeat":"repeat","background-position":"center center","background-size":"auto","background-attachment":"scroll","background-type":"","background-media":"","overlay-type":"","overlay-color":"","overlay-opacity":"","overlay-gradient":""},"tablet":{"background-color":"var(--ast-global-color-5)","background-image":"","background-repeat":"repeat","background-position":"center center","background-size":"auto","background-attachment":"scroll","background-type":"","background-media":"","overlay-type":"","overlay-color":"","overlay-opacity":"","overlay-gradient":""},"mobile":{"background-color":"var(--ast-global-color-5)","background-image":"","background-repeat":"repeat","background-position":"center center","background-size":"auto","background-attachment":"scroll","background-type":"","background-media":"","overlay-type":"","overlay-color":"","overlay-opacity":"","overlay-gradient":""}}},"product_cat":[23],"product_tag":[25],"yoast_head":"<!-- This site is optimized with the Yoast SEO plugin v23.0 - https:\/\/yoast.com\/wordpress\/plugins\/seo\/ -->\n<title>TOYOTA RAV4 2016 LE -<\/title>\n<meta name=\"robots\" content=\"index, follow, max-snippet:-1, max-image-preview:large, max-video-preview:-1\" \/>\n<link rel=\"canonical\" href=\"https:\/\/impoprocars.com\/index.php\/producto\/50332385\/\" \/>\n<meta property=\"og:locale\" content=\"en_US\" \/>\n<meta property=\"og:type\" content=\"article\" \/>\n<meta property=\"og:title\" content=\"TOYOTA RAV4 2016 LE -\" \/>\n<meta property=\"og:description\" content=\"Disponible Toyota RAV4 2016 LE Motor 2.5 Automatica Modo ECO Bolsas de aire intactas \u2705 Ning\u00fan check en el tablero Cero fugas Ning\u00fan ruido Cero \u00f3xido Tapicer\u00eda de cuero con calefacci\u00f3n Aire acondicionado Radio original touch C\u00e1mara de retroceso A toda prueba Precio: Q105,000 negociables Visa cuotas disponibles \u2705 Hasta 48 cuotas. Visa y Mastercard\" \/>\n<meta property=\"og:url\" content=\"https:\/\/impoprocars.com\/index.php\/producto\/50332385\/\" \/>\n<meta property=\"article:publisher\" content=\"https:\/\/www.facebook.com\/impoprocarsgt?mibextid=LQQJ4d\" \/>\n<meta property=\"article:modified_time\" content=\"2025-09-04T02:56:07+00:00\" \/>\n<meta property=\"og:image\" content=\"https:\/\/impoprocars.com\/wp-content\/uploads\/2025\/07\/IMG_4657-scaled.jpg\" \/>\n\t<meta property=\"og:image:width\" content=\"2560\" \/>\n\t<meta property=\"og:image:height\" content=\"1920\" \/>\n\t<meta property=\"og:image:type\" content=\"image\/jpeg\" \/>\n<meta name=\"twitter:card\" content=\"summary_large_image\" \/>\n<meta name=\"twitter:label1\" content=\"Est. reading time\" \/>\n\t<meta name=\"twitter:data1\" content=\"1 minute\" \/>\n<script type=\"application\/ld+json\" class=\"yoast-schema-graph\">{\"@context\":\"https:\/\/schema.org\",\"@graph\":[{\"@type\":\"WebPage\",\"@id\":\"https:\/\/impoprocars.com\/index.php\/producto\/50332385\/\",\"url\":\"https:\/\/impoprocars.com\/index.php\/producto\/50332385\/\",\"name\":\"TOYOTA RAV4 2016 LE -\",\"isPartOf\":{\"@id\":\"https:\/\/impoprocars.com\/#website\"},\"primaryImageOfPage\":{\"@id\":\"https:\/\/impoprocars.com\/index.php\/producto\/50332385\/#primaryimage\"},\"image\":{\"@id\":\"https:\/\/impoprocars.com\/index.php\/producto\/50332385\/#primaryimage\"},\"thumbnailUrl\":\"https:\/\/impoprocars.com\/wp-content\/uploads\/2025\/07\/IMG_4657-scaled.jpg\",\"datePublished\":\"2025-07-02T17:39:51+00:00\",\"dateModified\":\"2025-09-04T02:56:07+00:00\",\"breadcrumb\":{\"@id\":\"https:\/\/impoprocars.com\/index.php\/producto\/50332385\/#breadcrumb\"},\"inLanguage\":\"en-US\",\"potentialAction\":[{\"@type\":\"ReadAction\",\"target\":[\"https:\/\/impoprocars.com\/index.php\/producto\/50332385\/\"]}]},{\"@type\":\"ImageObject\",\"inLanguage\":\"en-US\",\"@id\":\"https:\/\/impoprocars.com\/index.php\/producto\/50332385\/#primaryimage\",\"url\":\"https:\/\/impoprocars.com\/wp-content\/uploads\/2025\/07\/IMG_4657-scaled.jpg\",\"contentUrl\":\"https:\/\/impoprocars.com\/wp-content\/uploads\/2025\/07\/IMG_4657-scaled.jpg\",\"width\":2560,\"height\":1920},{\"@type\":\"BreadcrumbList\",\"@id\":\"https:\/\/impoprocars.com\/index.php\/producto\/50332385\/#breadcrumb\",\"itemListElement\":[{\"@type\":\"ListItem\",\"position\":1,\"name\":\"Inicio\",\"item\":\"https:\/\/impoprocars.com\/\"},{\"@type\":\"ListItem\",\"position\":2,\"name\":\"Catalogo\",\"item\":\"https:\/\/impoprocars.com\/index.php\/catalogo\/\"},{\"@type\":\"ListItem\",\"position\":3,\"name\":\"TOYOTA RAV4 2016 LE\"}]},{\"@type\":\"WebSite\",\"@id\":\"https:\/\/impoprocars.com\/#website\",\"url\":\"https:\/\/impoprocars.com\/\",\"name\":\"Importadora Pro Cars\",\"description\":\"\",\"publisher\":{\"@id\":\"https:\/\/impoprocars.com\/#organization\"},\"potentialAction\":[{\"@type\":\"SearchAction\",\"target\":{\"@type\":\"EntryPoint\",\"urlTemplate\":\"https:\/\/impoprocars.com\/?s={search_term_string}\"},\"query-input\":\"required name=search_term_string\"}],\"inLanguage\":\"en-US\"},{\"@type\":\"Organization\",\"@id\":\"https:\/\/impoprocars.com\/#organization\",\"name\":\"Importadora Pro Cars\",\"url\":\"https:\/\/impoprocars.com\/\",\"logo\":{\"@type\":\"ImageObject\",\"inLanguage\":\"en-US\",\"@id\":\"https:\/\/impoprocars.com\/#\/schema\/logo\/image\/\",\"url\":\"https:\/\/impoprocars.com\/wp-content\/uploads\/2024\/06\/cropped-cropped-cropped-imagen_2024-06-10_162418225-removebg-preview.png\",\"contentUrl\":\"https:\/\/impoprocars.com\/wp-content\/uploads\/2024\/06\/cropped-cropped-cropped-imagen_2024-06-10_162418225-removebg-preview.png\",\"width\":498,\"height\":166,\"caption\":\"Importadora Pro Cars\"},\"image\":{\"@id\":\"https:\/\/impoprocars.com\/#\/schema\/logo\/image\/\"},\"sameAs\":[\"https:\/\/www.facebook.com\/impoprocarsgt?mibextid=LQQJ4d\"]}]}<\/script>\n<!-- \/ Yoast SEO plugin. -->","yoast_head_json":{"title":"TOYOTA RAV4 2016 LE -","robots":{"index":"index","follow":"follow","max-snippet":"max-snippet:-1","max-image-preview":"max-image-preview:large","max-video-preview":"max-video-preview:-1"},"canonical":"https:\/\/impoprocars.com\/index.php\/producto\/50332385\/","og_locale":"en_US","og_type":"article","og_title":"TOYOTA RAV4 2016 LE -","og_description":"Disponible Toyota RAV4 2016 LE Motor 2.5 Automatica Modo ECO Bolsas de aire intactas \u2705 Ning\u00fan check en el tablero Cero fugas Ning\u00fan ruido Cero \u00f3xido Tapicer\u00eda de cuero con calefacci\u00f3n Aire acondicionado Radio original touch C\u00e1mara de retroceso A toda prueba Precio: Q105,000 negociables Visa cuotas disponibles \u2705 Hasta 48 cuotas. Visa y Mastercard","og_url":"https:\/\/impoprocars.com\/index.php\/producto\/50332385\/","article_publisher":"https:\/\/www.facebook.com\/impoprocarsgt?mibextid=LQQJ4d","article_modified_time":"2025-09-04T02:56:07+00:00","og_image":[{"width":2560,"height":1920,"url":"https:\/\/impoprocars.com\/wp-content\/uploads\/2025\/07\/IMG_4657-scaled.jpg","type":"image\/jpeg"}],"twitter_card":"summary_large_image","twitter_misc":{"Est. reading time":"1 minute"},"schema":{"@context":"https:\/\/schema.org","@graph":[{"@type":"WebPage","@id":"https:\/\/impoprocars.com\/index.php\/producto\/50332385\/","url":"https:\/\/impoprocars.com\/index.php\/producto\/50332385\/","name":"TOYOTA RAV4 2016 LE -","isPartOf":{"@id":"https:\/\/impoprocars.com\/#website"},"primaryImageOfPage":{"@id":"https:\/\/impoprocars.com\/index.php\/producto\/50332385\/#primaryimage"},"image":{"@id":"https:\/\/impoprocars.com\/index.php\/producto\/50332385\/#primaryimage"},"thumbnailUrl":"https:\/\/impoprocars.com\/wp-content\/uploads\/2025\/07\/IMG_4657-scaled.jpg","datePublished":"2025-07-02T17:39:51+00:00","dateModified":"2025-09-04T02:56:07+00:00","breadcrumb":{"@id":"https:\/\/impoprocars.com\/index.php\/producto\/50332385\/#breadcrumb"},"inLanguage":"en-US","potentialAction":[{"@type":"ReadAction","target":["https:\/\/impoprocars.com\/index.php\/producto\/50332385\/"]}]},{"@type":"ImageObject","inLanguage":"en-US","@id":"https:\/\/impoprocars.com\/index.php\/producto\/50332385\/#primaryimage","url":"https:\/\/impoprocars.com\/wp-content\/uploads\/2025\/07\/IMG_4657-scaled.jpg","contentUrl":"https:\/\/impoprocars.com\/wp-content\/uploads\/2025\/07\/IMG_4657-scaled.jpg","width":2560,"height":1920},{"@type":"BreadcrumbList","@id":"https:\/\/impoprocars.com\/index.php\/producto\/50332385\/#breadcrumb","itemListElement":[{"@type":"ListItem","position":1,"name":"Inicio","item":"https:\/\/impoprocars.com\/"},{"@type":"ListItem","position":2,"name":"Catalogo","item":"https:\/\/impoprocars.com\/index.php\/catalogo\/"},{"@type":"ListItem","position":3,"name":"TOYOTA RAV4 2016 LE"}]},{"@type":"WebSite","@id":"https:\/\/impoprocars.com\/#website","url":"https:\/\/impoprocars.com\/","name":"Importadora Pro Cars","description":"","publisher":{"@id":"https:\/\/impoprocars.com\/#organization"},"potentialAction":[{"@type":"SearchAction","target":{"@type":"EntryPoint","urlTemplate":"https:\/\/impoprocars.com\/?s={search_term_string}"},"query-input":"required name=search_term_string"}],"inLanguage":"en-US"},{"@type":"Organization","@id":"https:\/\/impoprocars.com\/#organization","name":"Importadora Pro Cars","url":"https:\/\/impoprocars.com\/","logo":{"@type":"ImageObject","inLanguage":"en-US","@id":"https:\/\/impoprocars.com\/#\/schema\/logo\/image\/","url":"https:\/\/impoprocars.com\/wp-content\/uploads\/2024\/06\/cropped-cropped-cropped-imagen_2024-06-10_162418225-removebg-preview.png","contentUrl":"https:\/\/impoprocars.com\/wp-content\/uploads\/2024\/06\/cropped-cropped-cropped-imagen_2024-06-10_162418225-removebg-preview.png","width":498,"height":166,"caption":"Importadora Pro Cars"},"image":{"@id":"https:\/\/impoprocars.com\/#\/schema\/logo\/image\/"},"sameAs":["https:\/\/www.facebook.com\/impoprocarsgt?mibextid=LQQJ4d"]}]}},"_links":{"self":[{"href":"https:\/\/impoprocars.com\/index.php\/wp-json\/wp\/v2\/product\/810"}],"collection":[{"href":"https:\/\/impoprocars.com\/index.php\/wp-json\/wp\/v2\/product"}],"about":[{"href":"https:\/\/impoprocars.com\/index.php\/wp-json\/wp\/v2\/types\/product"}],"version-history":[{"count":2,"href":"https:\/\/impoprocars.com\/index.php\/wp-json\/wp\/v2\/product\/810\/revisions"}],"predecessor-version":[{"id":912,"href":"https:\/\/impoprocars.com\/index.php\/wp-json\/wp\/v2\/product\/810\/revisions\/912"}],"wp:featuredmedia":[{"embeddable":true,"href":"https:\/\/impoprocars.com\/index.php\/wp-json\/wp\/v2\/media\/893"}],"wp:attachment":[{"href":"https:\/\/impoprocars.com\/index.php\/wp-json\/wp\/v2\/media?parent=810"}],"wp:term":[{"taxonomy":"product_cat","embeddable":true,"href":"https:\/\/impoprocars.com\/index.php\/wp-json\/wp\/v2\/product_cat?post=810"},{"taxonomy":"product_tag","embeddable":true,"href":"https:\/\/impoprocars.com\/index.php\/wp-json\/wp\/v2\/product_tag?post=810"}],"curies":[{"name":"wp","href":"https:\/\/api.w.org\/{rel}","templated":true}]}}