{"id":766,"date":"2025-07-02T17:21:18","date_gmt":"2025-07-02T17:21:18","guid":{"rendered":"https:\/\/impoprocars.com\/?post_type=product&#038;p=766"},"modified":"2025-09-18T21:44:18","modified_gmt":"2025-09-18T21:44:18","slug":"55533485","status":"publish","type":"product","link":"https:\/\/impoprocars.com\/index.php\/producto\/55533485\/","title":{"rendered":"MAZDA CX-5 2018 GRAND TOURING"},"content":{"rendered":"","protected":false},"excerpt":{"rendered":"<p><span style=\"font-family: 'trebuchet ms', geneva, sans-serif;\"><strong>DISPONIBLE<\/strong><\/span><\/p>\n<p>Mazda CX5 Grand Touring 2018<\/p>\n<div dir=\"auto\">Reci\u00e9n Ingresada<\/div>\n<div dir=\"auto\">Motor 2.5<\/div>\n<div dir=\"auto\">Automatica<\/div>\n<div dir=\"auto\">Bolsas de aire intactas <span class=\"html-span xexx8yu xyri2b x18d9i69 x1c1uobl x1hl2dhg x16tdsg8 x1vvkbs x3nfvp2 x1j61x8r x1fcty0u xdj266r xat24cr xm2jcoa x1mpyi22 xxymvpz xlup9mm x1kky2od\"><img decoding=\"async\" class=\"xz74otr x15mokao x1ga7v0g x16uus16 xbiv7yw\" src=\"https:\/\/static.xx.fbcdn.net\/images\/emoji.php\/v9\/t33\/1\/16\/2705.png\" alt=\"\u2705\" width=\"16\" height=\"16\" \/><\/span><\/div>\n<div dir=\"auto\">Bot\u00f3n de arranque<\/div>\n<div dir=\"auto\">Sunroof<\/div>\n<div dir=\"auto\">Ba\u00fal electr\u00f3nico<\/div>\n<div dir=\"auto\">Radar frontal<\/div>\n<div dir=\"auto\">C\u00e1mara con detector de carril<\/div>\n<div dir=\"auto\">C\u00e1mara de retroceso<\/div>\n<div dir=\"auto\">Sensores laterales<\/div>\n<div dir=\"auto\">Audio Bos\u00e9<\/div>\n<div dir=\"auto\">Tapicer\u00eda de cuero<\/div>\n<div dir=\"auto\">Aire acondicionado Dual<\/div>\n<div dir=\"auto\">Calefacci\u00f3n en sillones<\/div>\n<div dir=\"auto\">Memoria de programaci\u00f3n de sillones<\/div>\n<div dir=\"auto\">Radio original con Apple CarPlay y Android Auto<\/div>\n<div dir=\"auto\">Luces led autom\u00e1ticas de f\u00e1brica<\/div>\n<div dir=\"auto\">Llantas Micheline nuevas<\/div>\n<div dir=\"auto\">Ning\u00fan check<\/div>\n<div dir=\"auto\">Cero fugas<\/div>\n<div dir=\"auto\">Cero \u00f3xido<\/div>\n<div dir=\"auto\">Q118,000 negociables<\/div>\n<div dir=\"auto\">Visa cuotas disponibles. Hasta 48 cuotas visa y Mastercard<\/div>\n","protected":false},"featured_media":962,"template":"","meta":{"site-sidebar-layout":"default","site-content-layout":"","ast-site-content-layout":"default","site-content-style":"default","site-sidebar-style":"default","ast-global-header-display":"","ast-banner-title-visibility":"","ast-main-header-display":"","ast-hfb-above-header-display":"","ast-hfb-below-header-display":"","ast-hfb-mobile-header-display":"","site-post-title":"","ast-breadcrumbs-content":"","ast-featured-img":"","footer-sml-layout":"","theme-transparent-header-meta":"default","adv-header-id-meta":"","stick-header-meta":"","header-above-stick-meta":"","header-main-stick-meta":"","header-below-stick-meta":"","astra-migrate-meta-layouts":"set","ast-page-background-enabled":"default","ast-page-background-meta":{"desktop":{"background-color":"var(--ast-global-color-4)","background-image":"","background-repeat":"repeat","background-position":"center center","background-size":"auto","background-attachment":"scroll","background-type":"","background-media":"","overlay-type":"","overlay-color":"","overlay-opacity":"","overlay-gradient":""},"tablet":{"background-color":"","background-image":"","background-repeat":"repeat","background-position":"center center","background-size":"auto","background-attachment":"scroll","background-type":"","background-media":"","overlay-type":"","overlay-color":"","overlay-opacity":"","overlay-gradient":""},"mobile":{"background-color":"","background-image":"","background-repeat":"repeat","background-position":"center center","background-size":"auto","background-attachment":"scroll","background-type":"","background-media":"","overlay-type":"","overlay-color":"","overlay-opacity":"","overlay-gradient":""}},"ast-content-background-meta":{"desktop":{"background-color":"var(--ast-global-color-5)","background-image":"","background-repeat":"repeat","background-position":"center center","background-size":"auto","background-attachment":"scroll","background-type":"","background-media":"","overlay-type":"","overlay-color":"","overlay-opacity":"","overlay-gradient":""},"tablet":{"background-color":"var(--ast-global-color-5)","background-image":"","background-repeat":"repeat","background-position":"center center","background-size":"auto","background-attachment":"scroll","background-type":"","background-media":"","overlay-type":"","overlay-color":"","overlay-opacity":"","overlay-gradient":""},"mobile":{"background-color":"var(--ast-global-color-5)","background-image":"","background-repeat":"repeat","background-position":"center center","background-size":"auto","background-attachment":"scroll","background-type":"","background-media":"","overlay-type":"","overlay-color":"","overlay-opacity":"","overlay-gradient":""}}},"product_cat":[20],"product_tag":[25],"yoast_head":"<!-- This site is optimized with the Yoast SEO plugin v23.0 - https:\/\/yoast.com\/wordpress\/plugins\/seo\/ -->\n<title>MAZDA CX-5 2018 GRAND TOURING -<\/title>\n<meta name=\"robots\" content=\"index, follow, max-snippet:-1, max-image-preview:large, max-video-preview:-1\" \/>\n<link rel=\"canonical\" href=\"https:\/\/impoprocars.com\/index.php\/producto\/55533485\/\" \/>\n<meta property=\"og:locale\" content=\"en_US\" \/>\n<meta property=\"og:type\" content=\"article\" \/>\n<meta property=\"og:title\" content=\"MAZDA CX-5 2018 GRAND TOURING -\" \/>\n<meta property=\"og:description\" content=\"DISPONIBLE  Mazda CX5 Grand Touring 2018 Reci\u00e9n Ingresada Motor 2.5 Automatica Bolsas de aire intactas  Bot\u00f3n de arranque Sunroof Ba\u00fal electr\u00f3nico Radar frontal C\u00e1mara con detector de carril C\u00e1mara de retroceso Sensores laterales Audio Bos\u00e9 Tapicer\u00eda de cuero Aire acondicionado Dual Calefacci\u00f3n en sillones Memoria de programaci\u00f3n de sillones Radio original con Apple CarPlay y Android Auto Luces led autom\u00e1ticas de f\u00e1brica Llantas Micheline nuevas Ning\u00fan check Cero fugas Cero \u00f3xido Q118,000 negociables Visa cuotas disponibles. Hasta 48 cuotas visa y Mastercard\" \/>\n<meta property=\"og:url\" content=\"https:\/\/impoprocars.com\/index.php\/producto\/55533485\/\" \/>\n<meta property=\"article:publisher\" content=\"https:\/\/www.facebook.com\/impoprocarsgt?mibextid=LQQJ4d\" \/>\n<meta property=\"article:modified_time\" content=\"2025-09-18T21:44:18+00:00\" \/>\n<meta property=\"og:image\" content=\"https:\/\/impoprocars.com\/wp-content\/uploads\/2025\/07\/20250916_181649061_iOS-scaled.jpeg\" \/>\n\t<meta property=\"og:image:width\" content=\"2560\" \/>\n\t<meta property=\"og:image:height\" content=\"1920\" \/>\n\t<meta property=\"og:image:type\" content=\"image\/jpeg\" \/>\n<meta name=\"twitter:card\" content=\"summary_large_image\" \/>\n<meta name=\"twitter:label1\" content=\"Est. reading time\" \/>\n\t<meta name=\"twitter:data1\" content=\"1 minute\" \/>\n<script type=\"application\/ld+json\" class=\"yoast-schema-graph\">{\"@context\":\"https:\/\/schema.org\",\"@graph\":[{\"@type\":\"WebPage\",\"@id\":\"https:\/\/impoprocars.com\/index.php\/producto\/55533485\/\",\"url\":\"https:\/\/impoprocars.com\/index.php\/producto\/55533485\/\",\"name\":\"MAZDA CX-5 2018 GRAND TOURING -\",\"isPartOf\":{\"@id\":\"https:\/\/impoprocars.com\/#website\"},\"primaryImageOfPage\":{\"@id\":\"https:\/\/impoprocars.com\/index.php\/producto\/55533485\/#primaryimage\"},\"image\":{\"@id\":\"https:\/\/impoprocars.com\/index.php\/producto\/55533485\/#primaryimage\"},\"thumbnailUrl\":\"https:\/\/impoprocars.com\/wp-content\/uploads\/2025\/07\/20250916_181649061_iOS-scaled.jpeg\",\"datePublished\":\"2025-07-02T17:21:18+00:00\",\"dateModified\":\"2025-09-18T21:44:18+00:00\",\"breadcrumb\":{\"@id\":\"https:\/\/impoprocars.com\/index.php\/producto\/55533485\/#breadcrumb\"},\"inLanguage\":\"en-US\",\"potentialAction\":[{\"@type\":\"ReadAction\",\"target\":[\"https:\/\/impoprocars.com\/index.php\/producto\/55533485\/\"]}]},{\"@type\":\"ImageObject\",\"inLanguage\":\"en-US\",\"@id\":\"https:\/\/impoprocars.com\/index.php\/producto\/55533485\/#primaryimage\",\"url\":\"https:\/\/impoprocars.com\/wp-content\/uploads\/2025\/07\/20250916_181649061_iOS-scaled.jpeg\",\"contentUrl\":\"https:\/\/impoprocars.com\/wp-content\/uploads\/2025\/07\/20250916_181649061_iOS-scaled.jpeg\",\"width\":2560,\"height\":1920},{\"@type\":\"BreadcrumbList\",\"@id\":\"https:\/\/impoprocars.com\/index.php\/producto\/55533485\/#breadcrumb\",\"itemListElement\":[{\"@type\":\"ListItem\",\"position\":1,\"name\":\"Inicio\",\"item\":\"https:\/\/impoprocars.com\/\"},{\"@type\":\"ListItem\",\"position\":2,\"name\":\"Catalogo\",\"item\":\"https:\/\/impoprocars.com\/index.php\/catalogo\/\"},{\"@type\":\"ListItem\",\"position\":3,\"name\":\"MAZDA CX-5 2018 GRAND TOURING\"}]},{\"@type\":\"WebSite\",\"@id\":\"https:\/\/impoprocars.com\/#website\",\"url\":\"https:\/\/impoprocars.com\/\",\"name\":\"Importadora Pro Cars\",\"description\":\"\",\"publisher\":{\"@id\":\"https:\/\/impoprocars.com\/#organization\"},\"potentialAction\":[{\"@type\":\"SearchAction\",\"target\":{\"@type\":\"EntryPoint\",\"urlTemplate\":\"https:\/\/impoprocars.com\/?s={search_term_string}\"},\"query-input\":\"required name=search_term_string\"}],\"inLanguage\":\"en-US\"},{\"@type\":\"Organization\",\"@id\":\"https:\/\/impoprocars.com\/#organization\",\"name\":\"Importadora Pro Cars\",\"url\":\"https:\/\/impoprocars.com\/\",\"logo\":{\"@type\":\"ImageObject\",\"inLanguage\":\"en-US\",\"@id\":\"https:\/\/impoprocars.com\/#\/schema\/logo\/image\/\",\"url\":\"https:\/\/impoprocars.com\/wp-content\/uploads\/2024\/06\/cropped-cropped-cropped-imagen_2024-06-10_162418225-removebg-preview.png\",\"contentUrl\":\"https:\/\/impoprocars.com\/wp-content\/uploads\/2024\/06\/cropped-cropped-cropped-imagen_2024-06-10_162418225-removebg-preview.png\",\"width\":498,\"height\":166,\"caption\":\"Importadora Pro Cars\"},\"image\":{\"@id\":\"https:\/\/impoprocars.com\/#\/schema\/logo\/image\/\"},\"sameAs\":[\"https:\/\/www.facebook.com\/impoprocarsgt?mibextid=LQQJ4d\"]}]}<\/script>\n<!-- \/ Yoast SEO plugin. -->","yoast_head_json":{"title":"MAZDA CX-5 2018 GRAND TOURING -","robots":{"index":"index","follow":"follow","max-snippet":"max-snippet:-1","max-image-preview":"max-image-preview:large","max-video-preview":"max-video-preview:-1"},"canonical":"https:\/\/impoprocars.com\/index.php\/producto\/55533485\/","og_locale":"en_US","og_type":"article","og_title":"MAZDA CX-5 2018 GRAND TOURING -","og_description":"DISPONIBLE  Mazda CX5 Grand Touring 2018 Reci\u00e9n Ingresada Motor 2.5 Automatica Bolsas de aire intactas  Bot\u00f3n de arranque Sunroof Ba\u00fal electr\u00f3nico Radar frontal C\u00e1mara con detector de carril C\u00e1mara de retroceso Sensores laterales Audio Bos\u00e9 Tapicer\u00eda de cuero Aire acondicionado Dual Calefacci\u00f3n en sillones Memoria de programaci\u00f3n de sillones Radio original con Apple CarPlay y Android Auto Luces led autom\u00e1ticas de f\u00e1brica Llantas Micheline nuevas Ning\u00fan check Cero fugas Cero \u00f3xido Q118,000 negociables Visa cuotas disponibles. Hasta 48 cuotas visa y Mastercard","og_url":"https:\/\/impoprocars.com\/index.php\/producto\/55533485\/","article_publisher":"https:\/\/www.facebook.com\/impoprocarsgt?mibextid=LQQJ4d","article_modified_time":"2025-09-18T21:44:18+00:00","og_image":[{"width":2560,"height":1920,"url":"https:\/\/impoprocars.com\/wp-content\/uploads\/2025\/07\/20250916_181649061_iOS-scaled.jpeg","type":"image\/jpeg"}],"twitter_card":"summary_large_image","twitter_misc":{"Est. reading time":"1 minute"},"schema":{"@context":"https:\/\/schema.org","@graph":[{"@type":"WebPage","@id":"https:\/\/impoprocars.com\/index.php\/producto\/55533485\/","url":"https:\/\/impoprocars.com\/index.php\/producto\/55533485\/","name":"MAZDA CX-5 2018 GRAND TOURING -","isPartOf":{"@id":"https:\/\/impoprocars.com\/#website"},"primaryImageOfPage":{"@id":"https:\/\/impoprocars.com\/index.php\/producto\/55533485\/#primaryimage"},"image":{"@id":"https:\/\/impoprocars.com\/index.php\/producto\/55533485\/#primaryimage"},"thumbnailUrl":"https:\/\/impoprocars.com\/wp-content\/uploads\/2025\/07\/20250916_181649061_iOS-scaled.jpeg","datePublished":"2025-07-02T17:21:18+00:00","dateModified":"2025-09-18T21:44:18+00:00","breadcrumb":{"@id":"https:\/\/impoprocars.com\/index.php\/producto\/55533485\/#breadcrumb"},"inLanguage":"en-US","potentialAction":[{"@type":"ReadAction","target":["https:\/\/impoprocars.com\/index.php\/producto\/55533485\/"]}]},{"@type":"ImageObject","inLanguage":"en-US","@id":"https:\/\/impoprocars.com\/index.php\/producto\/55533485\/#primaryimage","url":"https:\/\/impoprocars.com\/wp-content\/uploads\/2025\/07\/20250916_181649061_iOS-scaled.jpeg","contentUrl":"https:\/\/impoprocars.com\/wp-content\/uploads\/2025\/07\/20250916_181649061_iOS-scaled.jpeg","width":2560,"height":1920},{"@type":"BreadcrumbList","@id":"https:\/\/impoprocars.com\/index.php\/producto\/55533485\/#breadcrumb","itemListElement":[{"@type":"ListItem","position":1,"name":"Inicio","item":"https:\/\/impoprocars.com\/"},{"@type":"ListItem","position":2,"name":"Catalogo","item":"https:\/\/impoprocars.com\/index.php\/catalogo\/"},{"@type":"ListItem","position":3,"name":"MAZDA CX-5 2018 GRAND TOURING"}]},{"@type":"WebSite","@id":"https:\/\/impoprocars.com\/#website","url":"https:\/\/impoprocars.com\/","name":"Importadora Pro Cars","description":"","publisher":{"@id":"https:\/\/impoprocars.com\/#organization"},"potentialAction":[{"@type":"SearchAction","target":{"@type":"EntryPoint","urlTemplate":"https:\/\/impoprocars.com\/?s={search_term_string}"},"query-input":"required name=search_term_string"}],"inLanguage":"en-US"},{"@type":"Organization","@id":"https:\/\/impoprocars.com\/#organization","name":"Importadora Pro Cars","url":"https:\/\/impoprocars.com\/","logo":{"@type":"ImageObject","inLanguage":"en-US","@id":"https:\/\/impoprocars.com\/#\/schema\/logo\/image\/","url":"https:\/\/impoprocars.com\/wp-content\/uploads\/2024\/06\/cropped-cropped-cropped-imagen_2024-06-10_162418225-removebg-preview.png","contentUrl":"https:\/\/impoprocars.com\/wp-content\/uploads\/2024\/06\/cropped-cropped-cropped-imagen_2024-06-10_162418225-removebg-preview.png","width":498,"height":166,"caption":"Importadora Pro Cars"},"image":{"@id":"https:\/\/impoprocars.com\/#\/schema\/logo\/image\/"},"sameAs":["https:\/\/www.facebook.com\/impoprocarsgt?mibextid=LQQJ4d"]}]}},"_links":{"self":[{"href":"https:\/\/impoprocars.com\/index.php\/wp-json\/wp\/v2\/product\/766"}],"collection":[{"href":"https:\/\/impoprocars.com\/index.php\/wp-json\/wp\/v2\/product"}],"about":[{"href":"https:\/\/impoprocars.com\/index.php\/wp-json\/wp\/v2\/types\/product"}],"version-history":[{"count":2,"href":"https:\/\/impoprocars.com\/index.php\/wp-json\/wp\/v2\/product\/766\/revisions"}],"predecessor-version":[{"id":943,"href":"https:\/\/impoprocars.com\/index.php\/wp-json\/wp\/v2\/product\/766\/revisions\/943"}],"wp:featuredmedia":[{"embeddable":true,"href":"https:\/\/impoprocars.com\/index.php\/wp-json\/wp\/v2\/media\/962"}],"wp:attachment":[{"href":"https:\/\/impoprocars.com\/index.php\/wp-json\/wp\/v2\/media?parent=766"}],"wp:term":[{"taxonomy":"product_cat","embeddable":true,"href":"https:\/\/impoprocars.com\/index.php\/wp-json\/wp\/v2\/product_cat?post=766"},{"taxonomy":"product_tag","embeddable":true,"href":"https:\/\/impoprocars.com\/index.php\/wp-json\/wp\/v2\/product_tag?post=766"}],"curies":[{"name":"wp","href":"https:\/\/api.w.org\/{rel}","templated":true}]}}