{"id":721,"date":"2025-07-02T16:42:55","date_gmt":"2025-07-02T16:42:55","guid":{"rendered":"https:\/\/impoprocars.com\/?post_type=product&#038;p=721"},"modified":"2025-09-04T02:41:40","modified_gmt":"2025-09-04T02:41:40","slug":"53445965","status":"publish","type":"product","link":"https:\/\/impoprocars.com\/index.php\/producto\/53445965\/","title":{"rendered":"TOYOTA RAV4 2017 LE"},"content":{"rendered":"","protected":false},"excerpt":{"rendered":"<div class=\"xdj266r x14z9mp xat24cr x1lziwak x1vvkbs x126k92a\">\n<div dir=\"auto\"><strong>VENDIDA\u00a0<\/strong><\/div>\n<div dir=\"auto\">Toyota RAV4 2017 LE<\/div>\n<div dir=\"auto\">Motor 2.5 gasolina<\/div>\n<div dir=\"auto\">Autom\u00e1tica<\/div>\n<div dir=\"auto\">Bolsas de aire intactas<\/div>\n<div dir=\"auto\">Cero \u00f3xido<\/div>\n<div dir=\"auto\">Cero fugas<\/div>\n<div dir=\"auto\">S\u00faper ajustada<\/div>\n<div dir=\"auto\">Aire acondicionado<\/div>\n<div dir=\"auto\">C\u00e1mara de retroceso<\/div>\n<div dir=\"auto\">Sistema pre colisi\u00f3n<\/div>\n<div dir=\"auto\">Radar frontal<\/div>\n<div dir=\"auto\">C\u00e1mara frontal<\/div>\n<div dir=\"auto\">Detector de carril<\/div>\n<div dir=\"auto\">Ning\u00fan check<\/div>\n<div dir=\"auto\">Bien enllantada<\/div>\n<div dir=\"auto\">A toda prueba<\/div>\n<div dir=\"auto\">Documentos en orden para traspaso inmediato<\/div>\n<\/div>\n<div class=\"x14z9mp xat24cr x1lziwak x1vvkbs xtlvy1s x126k92a\">\n<div dir=\"auto\">Visa cuotas disponibles<\/div>\n<div dir=\"auto\">Hasta 48 cuotas Visa, Mastercard y Credomatic<\/div>\n<\/div>\n","protected":false},"featured_media":831,"template":"","meta":{"site-sidebar-layout":"default","site-content-layout":"","ast-site-content-layout":"default","site-content-style":"default","site-sidebar-style":"default","ast-global-header-display":"","ast-banner-title-visibility":"","ast-main-header-display":"","ast-hfb-above-header-display":"","ast-hfb-below-header-display":"","ast-hfb-mobile-header-display":"","site-post-title":"","ast-breadcrumbs-content":"","ast-featured-img":"","footer-sml-layout":"","theme-transparent-header-meta":"default","adv-header-id-meta":"","stick-header-meta":"","header-above-stick-meta":"","header-main-stick-meta":"","header-below-stick-meta":"","astra-migrate-meta-layouts":"set","ast-page-background-enabled":"default","ast-page-background-meta":{"desktop":{"background-color":"var(--ast-global-color-4)","background-image":"","background-repeat":"repeat","background-position":"center center","background-size":"auto","background-attachment":"scroll","background-type":"","background-media":"","overlay-type":"","overlay-color":"","overlay-opacity":"","overlay-gradient":""},"tablet":{"background-color":"","background-image":"","background-repeat":"repeat","background-position":"center center","background-size":"auto","background-attachment":"scroll","background-type":"","background-media":"","overlay-type":"","overlay-color":"","overlay-opacity":"","overlay-gradient":""},"mobile":{"background-color":"","background-image":"","background-repeat":"repeat","background-position":"center center","background-size":"auto","background-attachment":"scroll","background-type":"","background-media":"","overlay-type":"","overlay-color":"","overlay-opacity":"","overlay-gradient":""}},"ast-content-background-meta":{"desktop":{"background-color":"var(--ast-global-color-5)","background-image":"","background-repeat":"repeat","background-position":"center center","background-size":"auto","background-attachment":"scroll","background-type":"","background-media":"","overlay-type":"","overlay-color":"","overlay-opacity":"","overlay-gradient":""},"tablet":{"background-color":"var(--ast-global-color-5)","background-image":"","background-repeat":"repeat","background-position":"center center","background-size":"auto","background-attachment":"scroll","background-type":"","background-media":"","overlay-type":"","overlay-color":"","overlay-opacity":"","overlay-gradient":""},"mobile":{"background-color":"var(--ast-global-color-5)","background-image":"","background-repeat":"repeat","background-position":"center center","background-size":"auto","background-attachment":"scroll","background-type":"","background-media":"","overlay-type":"","overlay-color":"","overlay-opacity":"","overlay-gradient":""}}},"product_cat":[23],"product_tag":[25],"yoast_head":"<!-- This site is optimized with the Yoast SEO plugin v23.0 - https:\/\/yoast.com\/wordpress\/plugins\/seo\/ -->\n<title>TOYOTA RAV4 2017 LE -<\/title>\n<meta name=\"robots\" content=\"index, follow, max-snippet:-1, max-image-preview:large, max-video-preview:-1\" \/>\n<link rel=\"canonical\" href=\"https:\/\/impoprocars.com\/index.php\/producto\/53445965\/\" \/>\n<meta property=\"og:locale\" content=\"en_US\" \/>\n<meta property=\"og:type\" content=\"article\" \/>\n<meta property=\"og:title\" content=\"TOYOTA RAV4 2017 LE -\" \/>\n<meta property=\"og:description\" content=\"VENDIDA\u00a0 Toyota RAV4 2017 LE Motor 2.5 gasolina Autom\u00e1tica Bolsas de aire intactas Cero \u00f3xido Cero fugas S\u00faper ajustada Aire acondicionado C\u00e1mara de retroceso Sistema pre colisi\u00f3n Radar frontal C\u00e1mara frontal Detector de carril Ning\u00fan check Bien enllantada A toda prueba Documentos en orden para traspaso inmediato   Visa cuotas disponibles Hasta 48 cuotas Visa, Mastercard y Credomatic\" \/>\n<meta property=\"og:url\" content=\"https:\/\/impoprocars.com\/index.php\/producto\/53445965\/\" \/>\n<meta property=\"article:publisher\" content=\"https:\/\/www.facebook.com\/impoprocarsgt?mibextid=LQQJ4d\" \/>\n<meta property=\"article:modified_time\" content=\"2025-09-04T02:41:40+00:00\" \/>\n<meta property=\"og:image\" content=\"https:\/\/impoprocars.com\/wp-content\/uploads\/2025\/07\/IMG_4248-scaled.jpg\" \/>\n\t<meta property=\"og:image:width\" content=\"2560\" \/>\n\t<meta property=\"og:image:height\" content=\"1920\" \/>\n\t<meta property=\"og:image:type\" content=\"image\/jpeg\" \/>\n<meta name=\"twitter:card\" content=\"summary_large_image\" \/>\n<meta name=\"twitter:label1\" content=\"Est. reading time\" \/>\n\t<meta name=\"twitter:data1\" content=\"1 minute\" \/>\n<script type=\"application\/ld+json\" class=\"yoast-schema-graph\">{\"@context\":\"https:\/\/schema.org\",\"@graph\":[{\"@type\":\"WebPage\",\"@id\":\"https:\/\/impoprocars.com\/index.php\/producto\/53445965\/\",\"url\":\"https:\/\/impoprocars.com\/index.php\/producto\/53445965\/\",\"name\":\"TOYOTA RAV4 2017 LE -\",\"isPartOf\":{\"@id\":\"https:\/\/impoprocars.com\/#website\"},\"primaryImageOfPage\":{\"@id\":\"https:\/\/impoprocars.com\/index.php\/producto\/53445965\/#primaryimage\"},\"image\":{\"@id\":\"https:\/\/impoprocars.com\/index.php\/producto\/53445965\/#primaryimage\"},\"thumbnailUrl\":\"https:\/\/impoprocars.com\/wp-content\/uploads\/2025\/07\/IMG_4248-scaled.jpg\",\"datePublished\":\"2025-07-02T16:42:55+00:00\",\"dateModified\":\"2025-09-04T02:41:40+00:00\",\"breadcrumb\":{\"@id\":\"https:\/\/impoprocars.com\/index.php\/producto\/53445965\/#breadcrumb\"},\"inLanguage\":\"en-US\",\"potentialAction\":[{\"@type\":\"ReadAction\",\"target\":[\"https:\/\/impoprocars.com\/index.php\/producto\/53445965\/\"]}]},{\"@type\":\"ImageObject\",\"inLanguage\":\"en-US\",\"@id\":\"https:\/\/impoprocars.com\/index.php\/producto\/53445965\/#primaryimage\",\"url\":\"https:\/\/impoprocars.com\/wp-content\/uploads\/2025\/07\/IMG_4248-scaled.jpg\",\"contentUrl\":\"https:\/\/impoprocars.com\/wp-content\/uploads\/2025\/07\/IMG_4248-scaled.jpg\",\"width\":2560,\"height\":1920},{\"@type\":\"BreadcrumbList\",\"@id\":\"https:\/\/impoprocars.com\/index.php\/producto\/53445965\/#breadcrumb\",\"itemListElement\":[{\"@type\":\"ListItem\",\"position\":1,\"name\":\"Inicio\",\"item\":\"https:\/\/impoprocars.com\/\"},{\"@type\":\"ListItem\",\"position\":2,\"name\":\"Catalogo\",\"item\":\"https:\/\/impoprocars.com\/index.php\/catalogo\/\"},{\"@type\":\"ListItem\",\"position\":3,\"name\":\"TOYOTA RAV4 2017 LE\"}]},{\"@type\":\"WebSite\",\"@id\":\"https:\/\/impoprocars.com\/#website\",\"url\":\"https:\/\/impoprocars.com\/\",\"name\":\"Importadora Pro Cars\",\"description\":\"\",\"publisher\":{\"@id\":\"https:\/\/impoprocars.com\/#organization\"},\"potentialAction\":[{\"@type\":\"SearchAction\",\"target\":{\"@type\":\"EntryPoint\",\"urlTemplate\":\"https:\/\/impoprocars.com\/?s={search_term_string}\"},\"query-input\":\"required name=search_term_string\"}],\"inLanguage\":\"en-US\"},{\"@type\":\"Organization\",\"@id\":\"https:\/\/impoprocars.com\/#organization\",\"name\":\"Importadora Pro Cars\",\"url\":\"https:\/\/impoprocars.com\/\",\"logo\":{\"@type\":\"ImageObject\",\"inLanguage\":\"en-US\",\"@id\":\"https:\/\/impoprocars.com\/#\/schema\/logo\/image\/\",\"url\":\"https:\/\/impoprocars.com\/wp-content\/uploads\/2024\/06\/cropped-cropped-cropped-imagen_2024-06-10_162418225-removebg-preview.png\",\"contentUrl\":\"https:\/\/impoprocars.com\/wp-content\/uploads\/2024\/06\/cropped-cropped-cropped-imagen_2024-06-10_162418225-removebg-preview.png\",\"width\":498,\"height\":166,\"caption\":\"Importadora Pro Cars\"},\"image\":{\"@id\":\"https:\/\/impoprocars.com\/#\/schema\/logo\/image\/\"},\"sameAs\":[\"https:\/\/www.facebook.com\/impoprocarsgt?mibextid=LQQJ4d\"]}]}<\/script>\n<!-- \/ Yoast SEO plugin. -->","yoast_head_json":{"title":"TOYOTA RAV4 2017 LE -","robots":{"index":"index","follow":"follow","max-snippet":"max-snippet:-1","max-image-preview":"max-image-preview:large","max-video-preview":"max-video-preview:-1"},"canonical":"https:\/\/impoprocars.com\/index.php\/producto\/53445965\/","og_locale":"en_US","og_type":"article","og_title":"TOYOTA RAV4 2017 LE -","og_description":"VENDIDA\u00a0 Toyota RAV4 2017 LE Motor 2.5 gasolina Autom\u00e1tica Bolsas de aire intactas Cero \u00f3xido Cero fugas S\u00faper ajustada Aire acondicionado C\u00e1mara de retroceso Sistema pre colisi\u00f3n Radar frontal C\u00e1mara frontal Detector de carril Ning\u00fan check Bien enllantada A toda prueba Documentos en orden para traspaso inmediato   Visa cuotas disponibles Hasta 48 cuotas Visa, Mastercard y Credomatic","og_url":"https:\/\/impoprocars.com\/index.php\/producto\/53445965\/","article_publisher":"https:\/\/www.facebook.com\/impoprocarsgt?mibextid=LQQJ4d","article_modified_time":"2025-09-04T02:41:40+00:00","og_image":[{"width":2560,"height":1920,"url":"https:\/\/impoprocars.com\/wp-content\/uploads\/2025\/07\/IMG_4248-scaled.jpg","type":"image\/jpeg"}],"twitter_card":"summary_large_image","twitter_misc":{"Est. reading time":"1 minute"},"schema":{"@context":"https:\/\/schema.org","@graph":[{"@type":"WebPage","@id":"https:\/\/impoprocars.com\/index.php\/producto\/53445965\/","url":"https:\/\/impoprocars.com\/index.php\/producto\/53445965\/","name":"TOYOTA RAV4 2017 LE -","isPartOf":{"@id":"https:\/\/impoprocars.com\/#website"},"primaryImageOfPage":{"@id":"https:\/\/impoprocars.com\/index.php\/producto\/53445965\/#primaryimage"},"image":{"@id":"https:\/\/impoprocars.com\/index.php\/producto\/53445965\/#primaryimage"},"thumbnailUrl":"https:\/\/impoprocars.com\/wp-content\/uploads\/2025\/07\/IMG_4248-scaled.jpg","datePublished":"2025-07-02T16:42:55+00:00","dateModified":"2025-09-04T02:41:40+00:00","breadcrumb":{"@id":"https:\/\/impoprocars.com\/index.php\/producto\/53445965\/#breadcrumb"},"inLanguage":"en-US","potentialAction":[{"@type":"ReadAction","target":["https:\/\/impoprocars.com\/index.php\/producto\/53445965\/"]}]},{"@type":"ImageObject","inLanguage":"en-US","@id":"https:\/\/impoprocars.com\/index.php\/producto\/53445965\/#primaryimage","url":"https:\/\/impoprocars.com\/wp-content\/uploads\/2025\/07\/IMG_4248-scaled.jpg","contentUrl":"https:\/\/impoprocars.com\/wp-content\/uploads\/2025\/07\/IMG_4248-scaled.jpg","width":2560,"height":1920},{"@type":"BreadcrumbList","@id":"https:\/\/impoprocars.com\/index.php\/producto\/53445965\/#breadcrumb","itemListElement":[{"@type":"ListItem","position":1,"name":"Inicio","item":"https:\/\/impoprocars.com\/"},{"@type":"ListItem","position":2,"name":"Catalogo","item":"https:\/\/impoprocars.com\/index.php\/catalogo\/"},{"@type":"ListItem","position":3,"name":"TOYOTA RAV4 2017 LE"}]},{"@type":"WebSite","@id":"https:\/\/impoprocars.com\/#website","url":"https:\/\/impoprocars.com\/","name":"Importadora Pro Cars","description":"","publisher":{"@id":"https:\/\/impoprocars.com\/#organization"},"potentialAction":[{"@type":"SearchAction","target":{"@type":"EntryPoint","urlTemplate":"https:\/\/impoprocars.com\/?s={search_term_string}"},"query-input":"required name=search_term_string"}],"inLanguage":"en-US"},{"@type":"Organization","@id":"https:\/\/impoprocars.com\/#organization","name":"Importadora Pro Cars","url":"https:\/\/impoprocars.com\/","logo":{"@type":"ImageObject","inLanguage":"en-US","@id":"https:\/\/impoprocars.com\/#\/schema\/logo\/image\/","url":"https:\/\/impoprocars.com\/wp-content\/uploads\/2024\/06\/cropped-cropped-cropped-imagen_2024-06-10_162418225-removebg-preview.png","contentUrl":"https:\/\/impoprocars.com\/wp-content\/uploads\/2024\/06\/cropped-cropped-cropped-imagen_2024-06-10_162418225-removebg-preview.png","width":498,"height":166,"caption":"Importadora Pro Cars"},"image":{"@id":"https:\/\/impoprocars.com\/#\/schema\/logo\/image\/"},"sameAs":["https:\/\/www.facebook.com\/impoprocarsgt?mibextid=LQQJ4d"]}]}},"_links":{"self":[{"href":"https:\/\/impoprocars.com\/index.php\/wp-json\/wp\/v2\/product\/721"}],"collection":[{"href":"https:\/\/impoprocars.com\/index.php\/wp-json\/wp\/v2\/product"}],"about":[{"href":"https:\/\/impoprocars.com\/index.php\/wp-json\/wp\/v2\/types\/product"}],"version-history":[{"count":10,"href":"https:\/\/impoprocars.com\/index.php\/wp-json\/wp\/v2\/product\/721\/revisions"}],"predecessor-version":[{"id":916,"href":"https:\/\/impoprocars.com\/index.php\/wp-json\/wp\/v2\/product\/721\/revisions\/916"}],"wp:featuredmedia":[{"embeddable":true,"href":"https:\/\/impoprocars.com\/index.php\/wp-json\/wp\/v2\/media\/831"}],"wp:attachment":[{"href":"https:\/\/impoprocars.com\/index.php\/wp-json\/wp\/v2\/media?parent=721"}],"wp:term":[{"taxonomy":"product_cat","embeddable":true,"href":"https:\/\/impoprocars.com\/index.php\/wp-json\/wp\/v2\/product_cat?post=721"},{"taxonomy":"product_tag","embeddable":true,"href":"https:\/\/impoprocars.com\/index.php\/wp-json\/wp\/v2\/product_tag?post=721"}],"curies":[{"name":"wp","href":"https:\/\/api.w.org\/{rel}","templated":true}]}}